{"id":2,"date":"2007-01-06T22:44:57","date_gmt":"2007-01-06T21:44:57","guid":{"rendered":""},"modified":"2023-11-03T23:54:10","modified_gmt":"2023-11-03T21:54:10","slug":"eine-seite","status":"publish","type":"page","link":"https:\/\/www.xgo.de\/blog\/?page_id=2","title":{"rendered":"Wer &#038; Warum"},"content":{"rendered":"<p>Wenn man die Chance hat die Welt zu erkunden und f\u00fcr sich zu entdecken, dann sollte man diese nutzen: <strong>You&#8217;ll never ever know, if you never ever go.<\/strong><\/p>\n<p>Ich habe in meinem noch jungen Leben die Chance gehabt, schon viel von der Welt zu sehen und war auf allen Kontinenten unterwegs.<\/p>\n<p>Es gibt zwar auch in Europa noch einige unerforschte Teile, aber durch meine Lust und Begier nach etwas Neuem, hat es mich in den letzten Jahren nach Asien, (S\u00fcd-)Amerika, Ozeanien und Afrika verschlagen. Alles sehr spannende Kontinente, die teilweise noch ihre Urspr\u00fcnglichkeit haben. Mittlerweile konnte ich auch meine M\u00e4dels gewinnen mit mir die Welt zu entdecken.<\/p>\n<p>Auf dieser Seite m\u00f6chte ich allen Freunden, Bekannten und nat\u00fcrlich Interessierten die M\u00f6glichkeit geben sich \u00fcber meine Reisen und dadurch \u00fcber fremde L\u00e4nder und Kulturen zu informieren.<\/p>\n<p>Ich hoffe, die Reiselust in jedem Einzelnen zu wecken, viel Spass beim Lesen von meinen Berichten.<\/p>\n","protected":false},"excerpt":{"rendered":"<p>Wenn man die Chance hat die Welt zu erkunden und f\u00fcr sich zu entdecken, dann sollte man diese nutzen: You&#8217;ll never ever know, if you never ever go. Ich habe in meinem noch jungen Leben die Chance gehabt, schon viel von der Welt zu sehen und war auf allen Kontinenten unterwegs. Es gibt zwar auch in Europa noch einige unerforschte Teile, aber durch meine Lust und Begier nach etwas Neuem, hat es mich in den letzten Jahren nach Asien, (S\u00fcd-)Amerika, Ozeanien und Afrika verschlagen. Alles sehr spannende Kontinente, die teilweise noch ihre Urspr\u00fcnglichkeit haben. Mittlerweile konnte ich auch meine M\u00e4dels gewinnen mit mir die Welt zu entdecken. Auf dieser Seite m\u00f6chte ich allen Freunden, Bekannten und nat\u00fcrlich Interessierten die M\u00f6glichkeit geben sich \u00fcber meine Reisen und dadurch \u00fcber fremde L\u00e4nder und Kulturen zu informieren. Ich hoffe, die Reiselust in jedem Einzelnen zu wecken, viel Spass beim Lesen von meinen Berichten.<\/p>\n","protected":false},"author":1,"featured_media":0,"parent":0,"menu_order":0,"comment_status":"open","ping_status":"open","template":"","meta":{"_monsterinsights_skip_tracking":false,"_monsterinsights_sitenote_active":false,"_monsterinsights_sitenote_note":"","_monsterinsights_sitenote_category":0,"jetpack_post_was_ever_published":false,"footnotes":""},"jetpack_sharing_enabled":true,"jetpack_shortlink":"https:\/\/wp.me\/P6VT71-2","jetpack-related-posts":[],"_links":{"self":[{"href":"https:\/\/www.xgo.de\/blog\/index.php?rest_route=\/wp\/v2\/pages\/2"}],"collection":[{"href":"https:\/\/www.xgo.de\/blog\/index.php?rest_route=\/wp\/v2\/pages"}],"about":[{"href":"https:\/\/www.xgo.de\/blog\/index.php?rest_route=\/wp\/v2\/types\/page"}],"author":[{"embeddable":true,"href":"https:\/\/www.xgo.de\/blog\/index.php?rest_route=\/wp\/v2\/users\/1"}],"replies":[{"embeddable":true,"href":"https:\/\/www.xgo.de\/blog\/index.php?rest_route=%2Fwp%2Fv2%2Fcomments&post=2"}],"version-history":[{"count":5,"href":"https:\/\/www.xgo.de\/blog\/index.php?rest_route=\/wp\/v2\/pages\/2\/revisions"}],"predecessor-version":[{"id":7643,"href":"https:\/\/www.xgo.de\/blog\/index.php?rest_route=\/wp\/v2\/pages\/2\/revisions\/7643"}],"wp:attachment":[{"href":"https:\/\/www.xgo.de\/blog\/index.php?rest_route=%2Fwp%2Fv2%2Fmedia&parent=2"}],"curies":[{"name":"wp","href":"https:\/\/api.w.org\/{rel}","templated":true}]}}